{"id":263,"date":"2019-05-15T21:22:07","date_gmt":"2019-05-15T19:22:07","guid":{"rendered":"http:\/\/www.ff-matzing.at\/wordpress\/?page_id=263"},"modified":"2019-05-15T21:22:07","modified_gmt":"2019-05-15T19:22:07","slug":"freiwillige-feuerwehr-matzing-wurde-gegruendet-am-11-august-1929","status":"publish","type":"page","link":"https:\/\/www.ff-matzing.at\/?page_id=263","title":{"rendered":"Freiwillige Feuerwehr Matzing wurde gegr\u00fcndet am 11. August 1929"},"content":{"rendered":"\n<p>Zur damaligen Zeit wurden im Lande die Feuerwehren gegr\u00fcndet. Dem Beispiel von den umliegenden Gemeinden sowie auf Wunsch einiger Bauern und der Bev\u00f6lkerung wurde auch in Matzing zur Gr\u00fcndung einer Feuerwehr geschritten.<\/p>\n\n\n\n<p>Zu den Gr\u00fcndungsmitgliedern geh\u00f6rten<br>&#8211; Josef Reitinger Leeb in Matzing<br>&#8211; Josef Reitinger \u00d6hler in Matzing<br>&#8211; Josef Steininger Steininger in Matzing<br>&#8211; Josef Weinberger Wirt in Matzing<\/p>\n\n\n\n<p>Zu diesen Zweck fand am 11.August 1929 unter Vorsitz des B\u00fcrgermeisters Franz Kislinger beim Wirt in Matzing die Gr\u00fcndungsversammlung statt, wo auch am diesen Tag die Funktion\u00e4re bestimmt wurden.<\/p>\n\n\n\n<p>Zum Wehrf\u00fchrer Reitinger Josef (Leeb in Matzing)<br>dessen Stellvertreter Josef Oberauer (Andre in Reiting)<br>Schriftf\u00fchrer Anton Hochegger (Siglbinder)<br>Kassier Josef Reitinger (\u00d6hler in Matzing)<br>Steiger und Rottenf\u00fchrer Josef Steininger<br>dessen Stellvertreter Alois Klaffenb\u00f6ck<br>Werkleit Rottenf\u00fchrer Eduard Ringer (Dick)<br>dessen Stellvertreter Johann Klaffenb\u00f6ck<br>Motorf\u00fchrer Obmann Simon Eder (Landersberg<br>dessen Stellvertreter Johann Starzengruber<br>Zeugwart Reitinger Friedrich ( Matzing)<br>Sanit\u00e4tsobmann Gr\u00f6mer Mathias (Ere Niederau)<br>Hornist Engelbert Weinberger (Wirt in Matzing)<\/p>\n\n\n\n<p>Insgesammt z\u00e4hlte die damalige Feuerwehr Matzing am Tag der Gr\u00fcndung 41 Mitglieder. Es wurde auch beschlossen eine Motorsptitze E35 und Spritzenwagen mit dazugeh\u00f6rigen Ger\u00e4ten von der als Fa. Rosenbauer als Pferdegespann anzuschaffen. Weiters wurde der Bau eines Spritzenhauses besprochen.<\/p>\n\n\n\n<div class=\"wp-block-image\"><figure class=\"aligncenter\"><img loading=\"lazy\" decoding=\"async\" width=\"640\" height=\"411\" src=\"http:\/\/www.ff-matzing.at\/wordpress\/wp-content\/uploads\/2019\/05\/Foto_1931.jpg\" alt=\"\" class=\"wp-image-264\" srcset=\"https:\/\/www.ff-matzing.at\/wordpress\/wp-content\/uploads\/2019\/05\/Foto_1931.jpg 640w, https:\/\/www.ff-matzing.at\/wordpress\/wp-content\/uploads\/2019\/05\/Foto_1931-300x193.jpg 300w\" sizes=\"(max-width: 640px) 100vw, 640px\" \/><\/figure><\/div>\n\n\n\n<p>Der Ankauf des Spritzenwagens mit Ger\u00e4te und Bau des Spritzenhauses war mit finanziellen Schwierigkeiten verbunden, der gr\u00f6\u00dfte Teil wurde durch 2 Haussammlungen von den Bewohnern der Umgebung Matzing aufgebracht. Ein Teil wurde von der Gemeinde Enzenkirchen geleistet, sowie mehrmaliger Beihilfen aus dem damaligen Landesfeuerwehrverband. Die Feuerwehr Matzing war damals die erste Wehr in der Umgebung welche eine Motorspritze besa\u00df. Durch die Angliederung \u00d6sterreich an Deutschland wurden auch \u00c4nderungen an den Feuerwehren vorgenommen. So wurde bei der Feuerwehr am 19.Nov.1938 wurde beschlossen die Feuerwehr Matzing aufzul\u00f6sen und als L\u00f6schzug der Feuerwehr Enzenkirchen beizutreten.<\/p>\n\n\n\n<p>Nach dem Protokollbuch sind vom 17.Mai 1941 bis 10. M\u00e4rz 1951 keine Aufzeichnungen vorhanden.<\/p>\n\n\n\n<p>1951 erlangte sie wieder ihre Selbst\u00e4ndigkeit. Bei der ersten Sitzung am 10. M\u00e4rz 1951 wurde beschlossen, da\u00df bei der Generalversammlung am 19. M\u00e4rz das Kommando neu zu w\u00e4hlen.<br>Unter Anwesenheit des damaligen Abschnittskommandanten Pechleitner aus Raab wurde das Kommando neu gew\u00e4hlt:<br>Zum Kommandanten Mathias Gr\u00f6mer<br>Stellvertr. Ferdinand Oberauer<br>Schriftf\u00fchrer Josef Mittermaier<br>Kassier Karl Reitinger<br>Zeugwart Johann Klaffenb\u00f6ck<\/p>\n\n\n\n<p>Von diesen Tage an ist die Freiw. Feuerwehr Matzing wieder als \u00f6ffentliche Feuerwehr gef\u00fchrt.<br>Es wurde nach aktiven Mitgliedern geworben, und in kurzer Zeit z\u00e4hlte die Feuerwehr 56 Aktive Mitglieder. Es wurde mit Eifer an dem Feuerwehrwesen gearbeitet. Die gesamte Mannschaft wurde neu Uniformiert, und es herrschte gro\u00dfe Begeisterung unter den Mitgliedern.<br>Im Jahre 1952 begann auch die Modernisierung und es wurde vom Kommando bei der Sitzung am 25. Feb. 1952 beschlo\u00dfen ein Feuerwehrauto anzukaufen. Und es konnte ein Bundesheerfahrzeug der Marke Dodge gesteigert werden. Das Auto wurde in der Werkst\u00e4tte Pfeifer in Raab mit Hilfe der Kameraden instand gesetzt und zum Feuerwehrauto umgebaut.<br>F\u00fcr die Alarmierung der Feuerwehrm\u00e4nner bei Eins\u00e4tzen wurde auch in diesen Zeitraum die erste Sirene angekauft und auf den Turm des Feuerwehrhauses montiert.<br>Im Jahre 1954 wurde als Ersatz der Motorspritze eine Vorbaupumpe mit g\u00f6\u00dferer Leistung angekauft und vorne an den R\u00fcstwagen aufgebaut.<br>Bei der Sitzung am 23. M\u00e4rz 1956 wurde vom Kommando auf Grund des Platzmangels des alten Feuerwehrhauses ein neues zu bauen beschlossen der Baugrund wird vom Kameraden Reitinger Karl angekauft, und 1957 mit dem Neubau begonnen und 1959 eingeweiht. Fr\u00fchjahr 1964 wurde in Eigenregie der Dachboden als Schulungsraum ausgebaut.<\/p>\n\n\n\n<p>Kommandant Oberauer berichtete, dass bei der durchgef\u00fchrten Typisierung des Dodge R\u00fcstwagens folgende M\u00e4ngel festgestellt wurden. Auf Grund eines Federbruches vorne wurden die Kennzeichen abgenommen. Die weitere Einsatzf\u00e4higkeit wurde von den Anwesenden nicht mehr bef\u00fcrwortet. Bei einer Vorf\u00fchrung durch die Fa. Rosenbauer konnte das L\u00f6schfahrzeug der Marke Mercedes 409 Kastenwagen besichtigt und auch getestet werden und entsprach den W\u00fcnschen und Anforderungen f\u00fcr unsere Feuerwehr. Das neue L\u00f6schfahrzeug mit Bergeausr\u00fcstung Stromaggregat mit Beleuchtung, Hubzug und diverse Kleinger\u00e4te konnte am 7. Februar 1977 von der Fa. Rosenbauer abgeholt werden.<br>Zur Brandbek\u00e4mpfung in Geb\u00e4uden wurde 1980 3 Atemschutzger\u00e4te angekauft, so besa\u00df die Feuerwehr Matzing als erste Feuerwehr in der Gemeinde Atemschutzger\u00e4te.<br>1981 wurde ein Schulbus vom Kameraden Scheuringer Alois angekauft und von den Kameraden Kommandofahrzeug umgebaut.<br>Im Juli 1985 wurde das Feuerwehrhaus au\u00dfen renoviert und der Schulungsraum neu gestaltet.<br>Im Jahre 1990 kam man von seitens des Kommandos zum Entschluss, dass das Feuerwehrhaus zu klein war zu vergr\u00f6\u00dfern 1991 ging es mit viel Eifer los. Insgesamt wurden 5000 freiwillige Arbeitsstunden geleistet. Im August 1993 konnte es mit einen Fest seine Bestimmung \u00fcbergeben werden. Im Jahre 1994 wurde um eine Florianstation beim Landesfeuerwehrkommando angesucht und stattgegeben. Um diesen Zweck zu erf\u00fcllen k\u00f6nnen wurde ein Funkger\u00e4t und eine Notstromversorgung angekauft.<br>Im Jahre 1995 wurde ein neues Kommandofahrzeug der Marke VW angeschafft.<br>Da bei einer \u00dcbung die Vorbaupumpe defekt wurde und die Reparatur zu teuer kam, wurde von Gemeinde und Feuerwehr beschlossen eine neue Tragkraftspritze anzukaufen.<br>Am 18. Februar 1998 konnte von der Fa. Rosenbauer die neue Tragkraftspritze Type BMW -FOX von einigen Kameraden abgeholt werden.<br>Da die Technischen Eins\u00e4tzen, wie Verkehrsunf\u00e4lle immer mehr wurden und somit den Anforderungen gerecht zu werden wurde 2001 ein modern ausger\u00fcstetes L\u00f6schfahrzeug Mercedes 815 mit Allrad und Bergeausr\u00fcstung bestellt und am 15. Mai. 02 konnte im Beisein des Kommandanten und des Ger\u00e4tewarts und mehreren Kameraden das neue L\u00f6schfahrzeug von der Fa. Rosenbauer abgeholt werden, und im Rahmen eines gro\u00dfen Festes im August auch gesegnet werden.<\/p>\n","protected":false},"excerpt":{"rendered":"<p>Zur damaligen Zeit wurden im Lande die Feuerwehren gegr\u00fcndet. Dem Beispiel von den umliegenden Gemeinden sowie auf Wunsch einiger Bauern und der Bev\u00f6lkerung wurde auch in Matzing zur Gr\u00fcndung einer Feuerwehr geschritten. Zu den Gr\u00fcndungsmitgliedern geh\u00f6rten&#8211; Josef Reitinger Leeb in Matzing&#8211; Josef Reitinger \u00d6hler in Matzing&#8211; Josef Steininger Steininger in Matzing&#8211; Josef Weinberger Wirt in Matzing Zu diesen Zweck fand am 11.August 1929 unter Vorsitz des B\u00fcrgermeisters Franz Kislinger beim Wirt in Matzing die Gr\u00fcndungsversammlung statt, wo auch am diesen [&#8230;]<\/p>\n","protected":false},"author":1,"featured_media":0,"parent":0,"menu_order":0,"comment_status":"closed","ping_status":"closed","template":"","meta":{"footnotes":""},"_links":{"self":[{"href":"https:\/\/www.ff-matzing.at\/index.php?rest_route=\/wp\/v2\/pages\/263"}],"collection":[{"href":"https:\/\/www.ff-matzing.at\/index.php?rest_route=\/wp\/v2\/pages"}],"about":[{"href":"https:\/\/www.ff-matzing.at\/index.php?rest_route=\/wp\/v2\/types\/page"}],"author":[{"embeddable":true,"href":"https:\/\/www.ff-matzing.at\/index.php?rest_route=\/wp\/v2\/users\/1"}],"replies":[{"embeddable":true,"href":"https:\/\/www.ff-matzing.at\/index.php?rest_route=%2Fwp%2Fv2%2Fcomments&post=263"}],"version-history":[{"count":4,"href":"https:\/\/www.ff-matzing.at\/index.php?rest_route=\/wp\/v2\/pages\/263\/revisions"}],"predecessor-version":[{"id":268,"href":"https:\/\/www.ff-matzing.at\/index.php?rest_route=\/wp\/v2\/pages\/263\/revisions\/268"}],"wp:attachment":[{"href":"https:\/\/www.ff-matzing.at\/index.php?rest_route=%2Fwp%2Fv2%2Fmedia&parent=263"}],"curies":[{"name":"wp","href":"https:\/\/api.w.org\/{rel}","templated":true}]}}