{"id":459,"date":"2020-03-22T21:23:26","date_gmt":"2020-03-22T20:23:26","guid":{"rendered":"http:\/\/www.ff-matzing.at\/wordpress\/?page_id=459"},"modified":"2025-06-30T09:59:22","modified_gmt":"2025-06-30T07:59:22","slug":"kommando","status":"publish","type":"page","link":"https:\/\/www.ff-matzing.at\/?page_id=459","title":{"rendered":"Kommando"},"content":{"rendered":"<div class=\"wp-block-image\">\n<figure class=\"aligncenter size-large\"><img loading=\"lazy\" decoding=\"async\" width=\"1024\" height=\"500\" src=\"https:\/\/www.ff-matzing.at\/wordpress\/wp-content\/uploads\/2023\/04\/Kommando-2023-1024x500.jpg\" alt=\"\" class=\"wp-image-1233\" srcset=\"https:\/\/www.ff-matzing.at\/wordpress\/wp-content\/uploads\/2023\/04\/Kommando-2023-1024x500.jpg 1024w, https:\/\/www.ff-matzing.at\/wordpress\/wp-content\/uploads\/2023\/04\/Kommando-2023-300x146.jpg 300w, https:\/\/www.ff-matzing.at\/wordpress\/wp-content\/uploads\/2023\/04\/Kommando-2023-768x375.jpg 768w, https:\/\/www.ff-matzing.at\/wordpress\/wp-content\/uploads\/2023\/04\/Kommando-2023-1536x750.jpg 1536w, https:\/\/www.ff-matzing.at\/wordpress\/wp-content\/uploads\/2023\/04\/Kommando-2023-2048x1000.jpg 2048w\" sizes=\"(max-width: 1024px) 100vw, 1024px\" \/><\/figure><\/div>\n\n\n<p><\/p>\n\n\n<div class=\"wp-block-image\">\n<figure class=\"aligncenter size-full\"><img loading=\"lazy\" decoding=\"async\" width=\"798\" height=\"662\" src=\"https:\/\/www.ff-matzing.at\/wordpress\/wp-content\/uploads\/2025\/06\/Kommando2025.gif\" alt=\"\" class=\"wp-image-1746\"\/><\/figure><\/div>\n\n<h3><span style=\"color: #ff0000;\"><strong>Kommando 2020 &#8211; 2023<\/strong><\/span><\/h3>\n<\/p>\n\n\n<figure class=\"wp-block-image\"><img loading=\"lazy\" decoding=\"async\" width=\"1024\" height=\"750\" src=\"https:\/\/www.ff-matzing.at\/wordpress\/wp-content\/uploads\/2020\/07\/Kommando2020-1024x750.jpg\" alt=\"\" class=\"wp-image-672\" srcset=\"https:\/\/www.ff-matzing.at\/wordpress\/wp-content\/uploads\/2020\/07\/Kommando2020-1024x750.jpg 1024w, https:\/\/www.ff-matzing.at\/wordpress\/wp-content\/uploads\/2020\/07\/Kommando2020-300x220.jpg 300w, https:\/\/www.ff-matzing.at\/wordpress\/wp-content\/uploads\/2020\/07\/Kommando2020-768x563.jpg 768w\" sizes=\"(max-width: 1024px) 100vw, 1024px\" \/><\/figure>\n\n\n\n<figure class=\"wp-block-table is-style-regular\"><table><tbody><tr><td>Kommandant<\/td><td>HBI Klaus Lindbichler  (Tel. 0664 5412711) <\/td><\/tr><tr><td>Kommandant Stellvertreter<\/td><td>OBI Markus Hager  (Tel. 0650 6603272) <\/td><\/tr><tr><td>Kassier<\/td><td>AW Thomas Gr\u00fcneis<\/td><\/tr><tr><td>Schriftf\u00fchrer<\/td><td>AW Thomas Mittermair<\/td><\/tr><tr><td>Ger\u00e4tewart<\/td><td>AW Friedrich Salletmaier<\/td><\/tr><tr><td>Zugskommandant<\/td><td>BI Stefan Gabriel<\/td><\/tr><tr><td>Zugskommandant Stellvertreter<\/td><td>HBM Kevin Winter<\/td><\/tr><tr><td>Lotsenkommandant<\/td><td>BI Fabian Vogetseder<\/td><\/tr><tr><td>Lotsenkommandant Stellvertreter<\/td><td>HBM Stefan Peham<\/td><\/tr><tr><td>Jugendbetreuer<\/td><td>HBM Harald Reidinger<\/td><\/tr><tr><td>Atemschutzwart<\/td><td>FM Simon Reitinger &amp; FM Stefan H\u00f6rantner<\/td><\/tr><\/tbody><\/table><\/figure>\n\n\n<h3>&nbsp;<\/h3>\n<h3><span style=\"color: #ff0000;\"><strong>Kommando 2018 &#8211; 2020<\/strong><\/span><\/h3>\n<\/p>\n\n\n<figure class=\"wp-block-image\"><img decoding=\"async\" src=\"http:\/\/www.ff-matzing.at\/wordpress\/wp-content\/uploads\/2020\/03\/Kommando2018.jpg\" alt=\"\" class=\"wp-image-466\"\/><\/figure>\n\n\n\n<figure class=\"wp-block-table is-style-regular\"><table><tbody><tr><td>Kommandant<\/td><td>HBI Daniel Frank <\/td><\/tr><tr><td>Kommandant Stellvertreter<\/td><td>OBI Markus Hager                                              <\/td><\/tr><tr><td>Kassier<\/td><td>AW Thomas Gr\u00fcneis<\/td><\/tr><tr><td>Schriftf\u00fchrer<\/td><td>AW Thomas Mittermair<\/td><\/tr><tr><td>Ger\u00e4tewart<\/td><td>AW Friedrich Salletmaier<\/td><\/tr><tr><td>Zugskommandant<\/td><td>BI Stefan Gabriel<\/td><\/tr><tr><td>Zugskommandant Stellvertreter<\/td><td>HBM Kevin Winter<\/td><\/tr><tr><td>Lotsenkommandant<\/td><td>BI Fabian Vogetseder<\/td><\/tr><tr><td>Lotsenkommandant Stellvertreter<\/td><td>HBM Stefan Peham<\/td><\/tr><tr><td>Jugendbetreuer<\/td><td>HBM Harald Reidinger<\/td><\/tr><tr><td>Atemschutzwart<\/td><td>HBM Klaus Lindbichler<br><\/td><\/tr><\/tbody><\/table><\/figure>\n\n\n<h3>&nbsp;<\/h3>\n<h3><span style=\"color: #ff0000;\"><strong>Kommando 2013 &#8211; 2018<\/strong><\/span><\/h3>\n<\/p>\n\n\n<figure class=\"wp-block-image\"><img loading=\"lazy\" decoding=\"async\" width=\"1024\" height=\"768\" src=\"http:\/\/www.ff-matzing.at\/wordpress\/wp-content\/uploads\/2020\/03\/Kommando2013-1024x768.jpg\" alt=\"\" class=\"wp-image-464\" srcset=\"https:\/\/www.ff-matzing.at\/wordpress\/wp-content\/uploads\/2020\/03\/Kommando2013.jpg 1024w, https:\/\/www.ff-matzing.at\/wordpress\/wp-content\/uploads\/2020\/03\/Kommando2013-300x225.jpg 300w, https:\/\/www.ff-matzing.at\/wordpress\/wp-content\/uploads\/2020\/03\/Kommando2013-768x576.jpg 768w\" sizes=\"(max-width: 1024px) 100vw, 1024px\" \/><\/figure>\n\n\n\n<figure class=\"wp-block-table\"><table><tbody><tr><td>Kommandant<\/td><td>HBI Daniel Frank&nbsp;&nbsp;&nbsp; (Tel. 0650 5252110)<\/td><\/tr><tr><td>Kommandant Stellvertreter<\/td><td>OBI Markus Hager<\/td><\/tr><tr><td>Kassier<\/td><td>AW Thomas Gr\u00fcneis<\/td><\/tr><tr><td>Schriftf\u00fchrer<\/td><td>AW Josef Mittermair<\/td><\/tr><tr><td>Ger\u00e4tewart<\/td><td>AW Friedrich Salletmaier<\/td><\/tr><tr><td>Zugskommandant<\/td><td>BI Stefan Gabriel<\/td><\/tr><tr><td>Zugskommandant Stellvertreter<\/td><td>HBM Stefan Peham<\/td><\/tr><tr><td>Lotsenkommandant<\/td><td>BI Richard Jobst<\/td><\/tr><tr><td>Lotsenkommandant Stellvertreter<\/td><td>HBM Fabian Vogetseder<\/td><\/tr><tr><td>Jugendbetreuer<\/td><td>HBM Harald Reidinger<\/td><\/tr><tr><td>Atemschutzwart<\/td><td>HBM Klaus Lindbichler<\/td><\/tr><\/tbody><\/table><\/figure>\n\n\n\n<p><\/p>\n","protected":false},"excerpt":{"rendered":"<p>Kommando 2020 &#8211; 2023 Kommandant HBI Klaus Lindbichler (Tel. 0664 5412711) Kommandant Stellvertreter OBI Markus Hager (Tel. 0650 6603272) Kassier AW Thomas Gr\u00fcneis Schriftf\u00fchrer AW Thomas Mittermair Ger\u00e4tewart AW Friedrich Salletmaier Zugskommandant BI Stefan Gabriel Zugskommandant Stellvertreter HBM Kevin Winter Lotsenkommandant BI Fabian Vogetseder Lotsenkommandant Stellvertreter HBM Stefan Peham Jugendbetreuer HBM Harald Reidinger Atemschutzwart FM Simon Reitinger &amp; FM Stefan H\u00f6rantner &nbsp; Kommando 2018 &#8211; 2020 Kommandant HBI Daniel Frank Kommandant Stellvertreter OBI Markus Hager Kassier AW Thomas Gr\u00fcneis Schriftf\u00fchrer [&#8230;]<\/p>\n","protected":false},"author":2,"featured_media":0,"parent":0,"menu_order":0,"comment_status":"closed","ping_status":"closed","template":"","meta":{"footnotes":""},"_links":{"self":[{"href":"https:\/\/www.ff-matzing.at\/index.php?rest_route=\/wp\/v2\/pages\/459"}],"collection":[{"href":"https:\/\/www.ff-matzing.at\/index.php?rest_route=\/wp\/v2\/pages"}],"about":[{"href":"https:\/\/www.ff-matzing.at\/index.php?rest_route=\/wp\/v2\/types\/page"}],"author":[{"embeddable":true,"href":"https:\/\/www.ff-matzing.at\/index.php?rest_route=\/wp\/v2\/users\/2"}],"replies":[{"embeddable":true,"href":"https:\/\/www.ff-matzing.at\/index.php?rest_route=%2Fwp%2Fv2%2Fcomments&post=459"}],"version-history":[{"count":24,"href":"https:\/\/www.ff-matzing.at\/index.php?rest_route=\/wp\/v2\/pages\/459\/revisions"}],"predecessor-version":[{"id":1747,"href":"https:\/\/www.ff-matzing.at\/index.php?rest_route=\/wp\/v2\/pages\/459\/revisions\/1747"}],"wp:attachment":[{"href":"https:\/\/www.ff-matzing.at\/index.php?rest_route=%2Fwp%2Fv2%2Fmedia&parent=459"}],"curies":[{"name":"wp","href":"https:\/\/api.w.org\/{rel}","templated":true}]}}